{"id":10384,"date":"2025-07-02T13:28:45","date_gmt":"2025-07-02T19:28:45","guid":{"rendered":"https:\/\/insurencia.com\/?page_id=10384"},"modified":"2025-07-07T18:23:46","modified_gmt":"2025-07-08T00:23:46","slug":"aviso-legal","status":"publish","type":"page","link":"https:\/\/insurencia.com\/es\/aviso-legal\/","title":{"rendered":"Aviso Legal"},"content":{"rendered":"\t\t<div data-elementor-type=\"wp-page\" data-elementor-id=\"10384\" class=\"elementor elementor-10384\" data-elementor-post-type=\"page\">\n\t\t\t\t<div class=\"elementor-element elementor-element-956f052 e-flex e-con-boxed e-con e-parent\" data-id=\"956f052\" data-element_type=\"container\" data-e-type=\"container\">\n\t\t\t\t\t<div class=\"e-con-inner\">\n\t\t\t\t<div class=\"elementor-element elementor-element-93e2b30 elementor-widget elementor-widget-html\" data-id=\"93e2b30\" data-element_type=\"widget\" data-e-type=\"widget\" data-widget_type=\"html.default\">\n\t\t\t\t<div class=\"elementor-widget-container\">\n\t\t\t\t\t<div style=\"color: black; font-family: sans-serif; font-size: 18px; line-height: 1.7;\">\r\n  <h2 style=\"font-size: 30px; color: black; font-weight: bold; margin-bottom: 20px;\">\r\n    Aviso Legal\r\n  <\/h2>\r\n\r\n  <p>\r\n    Los Reportes de Historial Vehicular de CARTRIA\u2122 se elaboran utilizando datos de fuentes p\u00fablicas y privadas confiables, incluidas agencias gubernamentales, registros de seguros, subastas de autos, talleres de servicio y bases de datos de terceros.\r\n  <\/p>\r\n\r\n  <p>\r\n    Nos esforzamos por ofrecer informaci\u00f3n precisa y completa sobre el historial del veh\u00edculo, pero no todos los incidentes \u2014como accidentes, problemas de t\u00edtulo o reparaciones\u2014 se reportan de manera oportuna o en absoluto. CARTRIA\u2122 no puede garantizar la integridad ni la exactitud de cada reporte.\r\n  <\/p>\r\n\r\n  <p>\r\n    Nuestros reportes son una herramienta valiosa en el proceso de compra, pero no deben reemplazar una inspecci\u00f3n presencial o una revisi\u00f3n profesional. Siempre verifica si hay llamados a revisi\u00f3n pendientes, confirma el t\u00edtulo con el DMV local y realiza una prueba de manejo antes de comprar.\r\n  <\/p>\r\n\r\n  <p>\r\n    CARTRIA\u2122 no inspecciona veh\u00edculos, ni verifica las afirmaciones de los vendedores, ni ofrece asesor\u00eda legal. El comprador es responsable de confirmar la seguridad, el estado y el valor del veh\u00edculo. Al utilizar nuestros reportes, aceptas que todas las decisiones se toman bajo tu propia responsabilidad. CARTRIA\u2122 no se hace responsable de los resultados basados en el contenido del reporte.\r\n  <\/p>\r\n\r\n  <p>\r\n    Este aviso legal puede actualizarse en cualquier momento. Por favor, rev\u00edsalo peri\u00f3dicamente para asegurarte de tener la versi\u00f3n m\u00e1s actual.\r\n  <\/p>\r\n\r\n  <p style=\"margin-top: 30px;\">\r\n    \u00a9 2025 CARTRIA\u2122. Todos los derechos reservados.<br>\r\n    <strong>Contacto:<\/strong> Cartria LLC, 1300 Coffeen Ave, Suite 1200, Sheridan, WY 82801<br>\r\n    <strong>Tel\u00e9fono\/Texto:<\/strong> 877-CAR-VIN0 (227-8460)<br>\r\n    <strong>Correo:<\/strong> support@insurencia.com\r\n  <\/p>\r\n<\/div>\r\n\t\t\t\t<\/div>\n\t\t\t\t<\/div>\n\t\t\t\t\t<\/div>\n\t\t\t\t<\/div>\n\t\t\t\t<\/div>\n\t\t","protected":false},"excerpt":{"rendered":"<p>Aviso Legal Los Reportes de Historial Vehicular de CARTRIA\u2122 se elaboran utilizando datos de fuentes p\u00fablicas y privadas confiables, incluidas agencias gubernamentales, registros de seguros, subastas de autos, talleres de servicio y bases de datos de terceros. Nos esforzamos por ofrecer informaci\u00f3n precisa y completa sobre el historial del veh\u00edculo, pero no todos los incidentes [&hellip;]<\/p>\n","protected":false},"author":14,"featured_media":0,"parent":0,"menu_order":0,"comment_status":"closed","ping_status":"closed","template":"","meta":{"footnotes":""},"class_list":["post-10384","page","type-page","status-publish","hentry"],"yoast_head":"<!-- This site is optimized with the Yoast SEO plugin v27.4 - https:\/\/yoast.com\/product\/yoast-seo-wordpress\/ -->\n<title>Descargo de CARTRIA\u2122 \u2013 IA y Reportes de Historial Vehicular<\/title>\n<meta name=\"description\" content=\"Consulta el descargo de CARTRIA\u2122 sobre IA y reportes vehiculares. La informaci\u00f3n puede ser limitada. Verifica antes de comprar un auto.\" \/>\n<meta name=\"robots\" content=\"index, follow, max-snippet:-1, max-image-preview:large, max-video-preview:-1\" \/>\n<link rel=\"canonical\" href=\"https:\/\/insurencia.com\/disclaimer\/\" \/>\n<meta property=\"og:locale\" content=\"es_ES\" \/>\n<meta property=\"og:type\" content=\"article\" \/>\n<meta property=\"og:title\" content=\"Descargo de CARTRIA\u2122 \u2013 IA y Reportes de Historial Vehicular\" \/>\n<meta property=\"og:description\" content=\"Consulta el descargo de CARTRIA\u2122 sobre IA y reportes vehiculares. La informaci\u00f3n puede ser limitada. Verifica antes de comprar un auto.\" \/>\n<meta property=\"og:url\" content=\"https:\/\/insurencia.com\/disclaimer\/\" \/>\n<meta property=\"article:modified_time\" content=\"2025-07-08T00:23:46+00:00\" \/>\n<meta name=\"twitter:card\" content=\"summary_large_image\" \/>\n<meta name=\"twitter:label1\" content=\"Tiempo de lectura\" \/>\n\t<meta name=\"twitter:data1\" content=\"2 minutos\" \/>\n<script type=\"application\/ld+json\" class=\"yoast-schema-graph\">{\"@context\":\"https:\\\/\\\/schema.org\",\"@graph\":[{\"@type\":\"WebPage\",\"@id\":\"https:\\\/\\\/insurencia.com\\\/disclaimer\\\/\",\"url\":\"https:\\\/\\\/insurencia.com\\\/disclaimer\\\/\",\"name\":\"Descargo de CARTRIA\u2122 \u2013 IA y Reportes de Historial Vehicular\",\"isPartOf\":{\"@id\":\"https:\\\/\\\/insurencia.com\\\/#website\"},\"datePublished\":\"2025-07-02T19:28:45+00:00\",\"dateModified\":\"2025-07-08T00:23:46+00:00\",\"description\":\"Consulta el descargo de CARTRIA\u2122 sobre IA y reportes vehiculares. La informaci\u00f3n puede ser limitada. Verifica antes de comprar un auto.\",\"breadcrumb\":{\"@id\":\"https:\\\/\\\/insurencia.com\\\/disclaimer\\\/#breadcrumb\"},\"inLanguage\":\"es\",\"potentialAction\":[{\"@type\":\"ReadAction\",\"target\":[\"https:\\\/\\\/insurencia.com\\\/disclaimer\\\/\"]}]},{\"@type\":\"BreadcrumbList\",\"@id\":\"https:\\\/\\\/insurencia.com\\\/disclaimer\\\/#breadcrumb\",\"itemListElement\":[{\"@type\":\"ListItem\",\"position\":1,\"name\":\"Home\",\"item\":\"https:\\\/\\\/insurencia.com\\\/\"},{\"@type\":\"ListItem\",\"position\":2,\"name\":\"Aviso Legal\"}]},{\"@type\":\"WebSite\",\"@id\":\"https:\\\/\\\/insurencia.com\\\/#website\",\"url\":\"https:\\\/\\\/insurencia.com\\\/\",\"name\":\"Cartria\",\"description\":\"\",\"publisher\":{\"@id\":\"https:\\\/\\\/insurencia.com\\\/#organization\"},\"potentialAction\":[{\"@type\":\"SearchAction\",\"target\":{\"@type\":\"EntryPoint\",\"urlTemplate\":\"https:\\\/\\\/insurencia.com\\\/?s={search_term_string}\"},\"query-input\":{\"@type\":\"PropertyValueSpecification\",\"valueRequired\":true,\"valueName\":\"search_term_string\"}}],\"inLanguage\":\"es\"},{\"@type\":\"Organization\",\"@id\":\"https:\\\/\\\/insurencia.com\\\/#organization\",\"name\":\"Cartria\",\"url\":\"https:\\\/\\\/insurencia.com\\\/\",\"logo\":{\"@type\":\"ImageObject\",\"inLanguage\":\"es\",\"@id\":\"https:\\\/\\\/insurencia.com\\\/#\\\/schema\\\/logo\\\/image\\\/\",\"url\":\"https:\\\/\\\/insurencia.com\\\/wp-content\\\/uploads\\\/2026\\\/02\\\/cartria_reg_logo_trans_2.png\",\"contentUrl\":\"https:\\\/\\\/insurencia.com\\\/wp-content\\\/uploads\\\/2026\\\/02\\\/cartria_reg_logo_trans_2.png\",\"width\":1024,\"height\":1024,\"caption\":\"Cartria\"},\"image\":{\"@id\":\"https:\\\/\\\/insurencia.com\\\/#\\\/schema\\\/logo\\\/image\\\/\"}}]}<\/script>\n<!-- \/ Yoast SEO plugin. -->","yoast_head_json":{"title":"Descargo de CARTRIA\u2122 \u2013 IA y Reportes de Historial Vehicular","description":"Consulta el descargo de CARTRIA\u2122 sobre IA y reportes vehiculares. La informaci\u00f3n puede ser limitada. Verifica antes de comprar un auto.","robots":{"index":"index","follow":"follow","max-snippet":"max-snippet:-1","max-image-preview":"max-image-preview:large","max-video-preview":"max-video-preview:-1"},"canonical":"https:\/\/insurencia.com\/disclaimer\/","og_locale":"es_ES","og_type":"article","og_title":"Descargo de CARTRIA\u2122 \u2013 IA y Reportes de Historial Vehicular","og_description":"Consulta el descargo de CARTRIA\u2122 sobre IA y reportes vehiculares. La informaci\u00f3n puede ser limitada. Verifica antes de comprar un auto.","og_url":"https:\/\/insurencia.com\/disclaimer\/","article_modified_time":"2025-07-08T00:23:46+00:00","twitter_card":"summary_large_image","twitter_misc":{"Tiempo de lectura":"2 minutos"},"schema":{"@context":"https:\/\/schema.org","@graph":[{"@type":"WebPage","@id":"https:\/\/insurencia.com\/disclaimer\/","url":"https:\/\/insurencia.com\/disclaimer\/","name":"Descargo de CARTRIA\u2122 \u2013 IA y Reportes de Historial Vehicular","isPartOf":{"@id":"https:\/\/insurencia.com\/#website"},"datePublished":"2025-07-02T19:28:45+00:00","dateModified":"2025-07-08T00:23:46+00:00","description":"Consulta el descargo de CARTRIA\u2122 sobre IA y reportes vehiculares. La informaci\u00f3n puede ser limitada. Verifica antes de comprar un auto.","breadcrumb":{"@id":"https:\/\/insurencia.com\/disclaimer\/#breadcrumb"},"inLanguage":"es","potentialAction":[{"@type":"ReadAction","target":["https:\/\/insurencia.com\/disclaimer\/"]}]},{"@type":"BreadcrumbList","@id":"https:\/\/insurencia.com\/disclaimer\/#breadcrumb","itemListElement":[{"@type":"ListItem","position":1,"name":"Home","item":"https:\/\/insurencia.com\/"},{"@type":"ListItem","position":2,"name":"Aviso Legal"}]},{"@type":"WebSite","@id":"https:\/\/insurencia.com\/#website","url":"https:\/\/insurencia.com\/","name":"Cartria","description":"","publisher":{"@id":"https:\/\/insurencia.com\/#organization"},"potentialAction":[{"@type":"SearchAction","target":{"@type":"EntryPoint","urlTemplate":"https:\/\/insurencia.com\/?s={search_term_string}"},"query-input":{"@type":"PropertyValueSpecification","valueRequired":true,"valueName":"search_term_string"}}],"inLanguage":"es"},{"@type":"Organization","@id":"https:\/\/insurencia.com\/#organization","name":"Cartria","url":"https:\/\/insurencia.com\/","logo":{"@type":"ImageObject","inLanguage":"es","@id":"https:\/\/insurencia.com\/#\/schema\/logo\/image\/","url":"https:\/\/insurencia.com\/wp-content\/uploads\/2026\/02\/cartria_reg_logo_trans_2.png","contentUrl":"https:\/\/insurencia.com\/wp-content\/uploads\/2026\/02\/cartria_reg_logo_trans_2.png","width":1024,"height":1024,"caption":"Cartria"},"image":{"@id":"https:\/\/insurencia.com\/#\/schema\/logo\/image\/"}}]}},"_links":{"self":[{"href":"https:\/\/insurencia.com\/es\/wp-json\/wp\/v2\/pages\/10384","targetHints":{"allow":["GET"]}}],"collection":[{"href":"https:\/\/insurencia.com\/es\/wp-json\/wp\/v2\/pages"}],"about":[{"href":"https:\/\/insurencia.com\/es\/wp-json\/wp\/v2\/types\/page"}],"author":[{"embeddable":true,"href":"https:\/\/insurencia.com\/es\/wp-json\/wp\/v2\/users\/14"}],"replies":[{"embeddable":true,"href":"https:\/\/insurencia.com\/es\/wp-json\/wp\/v2\/comments?post=10384"}],"version-history":[{"count":0,"href":"https:\/\/insurencia.com\/es\/wp-json\/wp\/v2\/pages\/10384\/revisions"}],"wp:attachment":[{"href":"https:\/\/insurencia.com\/es\/wp-json\/wp\/v2\/media?parent=10384"}],"curies":[{"name":"wp","href":"https:\/\/api.w.org\/{rel}","templated":true}]}}